{"id":8739,"date":"2020-07-04T00:11:04","date_gmt":"2020-07-04T00:11:04","guid":{"rendered":"https:\/\/stmaryum.org\/matricula-tasas-y-ayudas-financieras\/"},"modified":"2026-04-28T10:12:28","modified_gmt":"2026-04-28T10:12:28","slug":"matricula-tasas-y-ayudas-financieras","status":"publish","type":"page","link":"https:\/\/stmaryum.org\/es\/matricula-tasas-y-ayudas-financieras\/","title":{"rendered":"Matr\u00edcula, tasas y ayudas financieras"},"content":{"rendered":"<div class=\"wpb-content-wrapper\"><p>[vc_row css_animation=\u00bb\u00bb row_type=\u00bbrow\u00bb use_row_as_full_screen_section=\u00bbno\u00bb type=\u00bbfull_width\u00bb angled_section=\u00bbno\u00bb text_align=\u00bbleft\u00bb background_image_as_pattern=\u00bbwithout_pattern\u00bb z_index=\u00bb\u00bb padding_top=\u00bb250&#8243; padding_bottom=\u00bb250&#8243; el_class=\u00bbhdr\u00bb background_color=\u00bb#122a53&#8243; background_image=\u00bb9765&#8243;][vc_column][vc_column_text el_class=\u00bbd2d-title\u00bb]<\/p>\n<h1>Matr\u00edcula, tasas y ayudas financieras<\/h1>\n<p>[\/vc_column_text][\/vc_column][\/vc_row][vc_row css_animation=\u00bb\u00bb row_type=\u00bbrow\u00bb use_row_as_full_screen_section=\u00bbno\u00bb type=\u00bbfull_width\u00bb angled_section=\u00bbno\u00bb text_align=\u00bbleft\u00bb background_image_as_pattern=\u00bbwithout_pattern\u00bb z_index=\u00bb\u00bb padding_top=\u00bb50&#8243; padding_bottom=\u00bb60&#8243; css=\u00bb.vc_custom_1594088087151{padding-right: 60px !important;padding-left: 60px !important;}\u00bb][vc_column width=\u00bb1\/6&#8243;][vc_widget_sidebar sidebar_id=\u00bbAdmissions\u00bb el_class=\u00bbadside\u00bb][vc_column_text css=\u00bb.vc_custom_1736365087195{border-top-width: 1px !important;border-bottom-width: 1px !important;padding-top: 10px !important;padding-right: 15px !important;padding-bottom: 20px !important;padding-left: 15px !important;background-color: #f7f7f7 !important;border-top-style: solid !important;border-bottom-style: solid !important;border-color: #2d59a2 !important;}\u00bb el_class=\u00bbsm\u00bb]<\/p>\n<p style=\"text-align: center;\"><strong>\u00bfPREGUNTAS?<\/strong><br \/>\nPonte en contacto con Admisiones<br \/>\nen <a href=\"tel:301-627-4170\" target=\"_blank\" rel=\"noopener noreferrer\">el 301-627-4170<\/a>.<\/p>\n<p>[\/vc_column_text][vc_empty_space height=\u00bb30px\u00bb][\/vc_column][vc_column width=\u00bb1\/2&#8243;][vc_column_text css=\u00bb\u00bb]La matr\u00edcula y las cuotas son fijadas por el p\u00e1rroco, en consulta con el Consejo de Finanzas de la Parroquia y el Comit\u00e9 de Finanzas del Consejo Asesor de la Escuela.<\/p>\n<h2>Inscripci\u00f3n, matr\u00edcula y tasas<\/h2>\n<p>Mary of the Assumption School espera que todas las familias cumplan con su obligaci\u00f3n financiera con la escuela de manera oportuna.<\/p>\n<h2>Programa de horas<\/h2>\n<p>En un esfuerzo por mantener la matr\u00edcula y las cuotas a un precio asequible, se requiere que cada familia participe en nuestro <a href=\"https:\/\/stmaryum.org\/es\/pagina-de-los-padres\/horas-de-voluntariado\/\">Programa de Horas<\/a>. Cada familia debe trabajar 20 horas o m\u00e1s, por a\u00f1o escolar. Si no pueden trabajar alguna o todas las 20 horas, las familias recibir\u00e1n 20 d\u00f3lares por hora no trabajada.[\/vc_column_text][vc_empty_space height=\u00bb30px\u00bb][\/vc_column][vc_column width=\u00bb1\/3&#8243;][vc_single_image image=\u00bb8517&#8243; img_size=\u00bbfull\u00bb alignment=\u00bbcenter\u00bb style=\u00bbvc_box_shadow\u00bb qode_css_animation=\u00bb\u00bb][vc_empty_space height=\u00bb20px\u00bb][vc_column_text]<em>Las familias pueden solicitar ayuda financiera a trav\u00e9s de la Arquidi\u00f3cesis de Washington. Las solicitudes est\u00e1n disponibles en la oficina, previa petici\u00f3n. El p\u00e1rroco debe ser consultado en relaci\u00f3n con cualquier acuerdo financiero o en casos de dificultad.<\/em>[\/vc_column_text][\/vc_column][\/vc_row][vc_row css_animation=\u00bb\u00bb row_type=\u00bbrow\u00bb use_row_as_full_screen_section=\u00bbno\u00bb type=\u00bbgrid\u00bb angled_section=\u00bbno\u00bb text_align=\u00bbleft\u00bb background_image_as_pattern=\u00bbwithout_pattern\u00bb full_width=\u00bbstretch_row\u00bb content_placement=\u00bbmiddle\u00bb css=\u00bb.vc_custom_1593821813315{background-color: #f2f2f2 !important;}\u00bb z_index=\u00bb\u00bb padding_top=\u00bb60&#8243; padding_bottom=\u00bb70&#8243; anchor=\u00bbtuition\u00bb][vc_column el_class=\u00bbwhitetext\u00bb][vc_column_text css=\u00bb\u00bb]<\/p>\n<h2>Tarifas de matr\u00edcula: Curso Escolar 2026-2027<\/h2>\n<p>Santa Mar\u00eda de la Asunci\u00f3n se compromete a mantener la matr\u00edcula basada en los costes para que la educaci\u00f3n cat\u00f3lica sea lo m\u00e1s asequible posible para todas las familias. Proyectamos que el coste total de la educaci\u00f3n por alumno superar\u00e1 con creces nuestros ingresos por matr\u00edcula. Compensamos la diferencia con la recaudaci\u00f3n de fondos, la atenci\u00f3n ampliada, las ventas de la cafeter\u00eda, las donaciones, los ingresos por alquiler, la ayuda de la Arquidi\u00f3cesis, las subvenciones del MSDE y los subsidios de la parroquia.[\/vc_column_text][vc_row_inner row_type=\u00bbrow\u00bb type=\u00bbgrid\u00bb text_align=\u00bbleft\u00bb css_animation=\u00bb\u00bb][vc_column_inner width=\u00bb1\/2&#8243;][vc_column_text el_class=\u00bbog\u00bb]<\/p>\n<h3>Pre-Kindergarten &#8211; (No hay descuento para hermanos)<\/h3>\n<p>[\/vc_column_text][vc_empty_space height=\u00bb20px\u00bb][vc_column_text css=\u00bb\u00bb]<\/p>\n<table width=\"100%\">\n<tbody>\n<tr>\n<th>POR A\u00d1O<\/th>\n<th>CAT\u00d3LICO<\/th>\n<th>NO CAT\u00d3LICO<\/th>\n<\/tr>\n<tr>\n<td>D\u00eda completo<\/td>\n<td>$8,850*<\/td>\n<td>$11,850<\/td>\n<\/tr>\n<\/tbody>\n<\/table>\n<p>[\/vc_column_text][\/vc_column_inner][vc_column_inner width=\u00bb1\/2&#8243;][vc_empty_space height=\u00bb20px\u00bb][vc_single_image image=\u00bb8525&#8243; img_size=\u00bbfull\u00bb style=\u00bbvc_box_shadow\u00bb qode_css_animation=\u00bb\u00bb][\/vc_column_inner][\/vc_row_inner][vc_row_inner row_type=\u00bbrow\u00bb type=\u00bbgrid\u00bb text_align=\u00bbleft\u00bb css_animation=\u00bb\u00bb padding_top=\u00bb20&#8243;][vc_column_inner][vc_column_text el_class=\u00bbog\u00bb]<\/p>\n<h3>Jard\u00edn de infancia &#8211; 8\u00ba grado<\/h3>\n<p>[\/vc_column_text][\/vc_column_inner][\/vc_row_inner][vc_row_inner row_type=\u00bbrow\u00bb type=\u00bbgrid\u00bb text_align=\u00bbleft\u00bb css_animation=\u00bb\u00bb padding_top=\u00bb30&#8243;][vc_column_inner width=\u00bb1\/2&#8243;][vc_column_text css=\u00bb\u00bb]<\/p>\n<table width=\"100%\">\n<tbody>\n<tr>\n<th>POR A\u00d1O<\/th>\n<th>CAT\u00d3LICO<\/th>\n<th>NO CAT\u00d3LICO<\/th>\n<\/tr>\n<tr>\n<td>Un ni\u00f1o<\/td>\n<td>$8,350*<\/td>\n<td>$11,350<\/td>\n<\/tr>\n<tr>\n<td>Dos ni\u00f1os<\/td>\n<td>$13,360*<\/td>\n<td>$18,160<\/td>\n<\/tr>\n<tr>\n<td>Tres ni\u00f1os<\/td>\n<td>$18,785.50*<\/td>\n<td>$25,537.50<\/td>\n<\/tr>\n<tr>\n<td>Cuatro ni\u00f1os<\/td>\n<td>$23,380*<\/td>\n<td>$31,780<\/td>\n<\/tr>\n<tr>\n<td colspan=\"3\"><em>Planes de pago disponibles<\/em><\/td>\n<\/tr>\n<\/tbody>\n<\/table>\n<p>[\/vc_column_text][vc_column_text el_class=\u00bbog\u00bb]*Tasa cat\u00f3lica: Las familias que son miembros activos y contribuyentes de una parroquia cat\u00f3lica tienen derecho a recibir una subvenci\u00f3n de 3.000 d\u00f3lares para feligreses contribuyentes. Se requiere una carta de buena reputaci\u00f3n del p\u00e1rroco para verificar la elegibilidad de una familia cada a\u00f1o. El precio con subvenci\u00f3n incluida se refleja arriba.[\/vc_column_text][vc_empty_space height=\u00bb30px\u00bb][\/vc_column_inner][vc_column_inner width=\u00bb1\/2&#8243;][vc_single_image image=\u00bb9768&#8243; img_size=\u00bbfull\u00bb style=\u00bbvc_box_shadow\u00bb qode_css_animation=\u00bb\u00bb][vc_empty_space height=\u00bb20px\u00bb][\/vc_column_inner][\/vc_row_inner][vc_column_text css=\u00bb\u00bb]<\/p>\n<table width=\"100%\">\n<tbody>\n<tr>\n<th>PLAN Y CUOTAS<\/th>\n<th>N\u00daMERO DE PAGOS<\/th>\n<th>PAGOS A REALIZAR<\/th>\n<\/tr>\n<tr>\n<td>Anualmente (20 $)<\/td>\n<td>1<\/td>\n<td>15 de julio<\/td>\n<\/tr>\n<tr>\n<td>Semestralmente (20 $)<\/td>\n<td>2<\/td>\n<td>15 de julio y 15 de enero<\/td>\n<\/tr>\n<tr>\n<td>Mensual (50 $)<\/td>\n<td>10<\/td>\n<td>Del 15 de julio al 15 de abril<\/td>\n<\/tr>\n<tr>\n<td colspan=\"3\"><em>Los pagos se aceptan en efectivo, con cheque y con retiro bancario (\u00fanico y autom\u00e1tico). Tambi\u00e9n se aceptan pagos con tarjeta de cr\u00e9dito con un cargo de conveniencia del 3%.<\/em><\/td>\n<\/tr>\n<\/tbody>\n<\/table>\n<p>[\/vc_column_text][vc_row_inner row_type=\u00bbrow\u00bb type=\u00bbfull_width\u00bb text_align=\u00bbleft\u00bb css_animation=\u00bb\u00bb padding_top=\u00bb30&#8243;][vc_column_inner][vc_column_text css=\u00bb\u00bb el_class=\u00bbog\u00bb]<\/p>\n<h3>Consecuencias de la pol\u00edtica de retrasos e impagos<\/h3>\n<p>No se permitir\u00e1 que los estudiantes comiencen el a\u00f1o escolar a menos que la matr\u00edcula est\u00e9 al d\u00eda. Los boletines de notas y los informes de progreso de los alumnos, los resultados de los ex\u00e1menes estandarizados y\/o la informaci\u00f3n sobre los traslados no se enviar\u00e1n ni se completar\u00e1n hasta que todas las cuentas y cuotas est\u00e9n pagadas en su totalidad. No se permitir\u00e1 que los alumnos vuelvan a la escuela si tienen m\u00e1s de 30 d\u00edas de retraso en el pago de la matr\u00edcula y los padres no se han puesto en contacto con el p\u00e1rroco\/director. Esta pol\u00edtica se aplicar\u00e1 estrictamente y las cuotas por retraso se aplicar\u00e1n directamente a trav\u00e9s de FACTS.   El Colegio Santa Mar\u00eda de la Asunci\u00f3n se reserva el derecho de anular la matr\u00edcula de cualquier alumno cuya familia no cumpla satisfactoriamente con su obligaci\u00f3n de matr\u00edcula o cuotas.[\/vc_column_text][\/vc_column_inner][\/vc_row_inner][\/vc_column][\/vc_row][vc_row css_animation=\u00bb\u00bb row_type=\u00bbrow\u00bb use_row_as_full_screen_section=\u00bbno\u00bb type=\u00bbgrid\u00bb angled_section=\u00bbno\u00bb text_align=\u00bbleft\u00bb background_image_as_pattern=\u00bbwithout_pattern\u00bb full_width=\u00bbstretch_row\u00bb content_placement=\u00bbmiddle\u00bb z_index=\u00bb\u00bb padding_top=\u00bb50&#8243; padding_bottom=\u00bb60&#8243; anchor=\u00bbfees\u00bb el_class=\u00bbog\u00bb][vc_column width=\u00bb1\/2&#8243; el_class=\u00bbwhitetext\u00bb][vc_column_text css=\u00bb\u00bb el_class=\u00bbog\u00bb]<\/p>\n<h2>Tasas<\/h2>\n<h3>Tasa de solicitud\/tasa de evaluaci\u00f3n<\/h3>\n<p>50,00 $ por nuevo solicitante<br \/>\nNo reembolsable; pagadero en el momento de la solicitud<\/p>\n<h3>Tasa de reinscripci\u00f3n<\/h3>\n<p>150 $ por estudiante &#8211; No reembolsable; pagadero en el momento de la reinscripci\u00f3n<\/p>\n<h3>Cuota de inscripci\u00f3n<\/h3>\n<p>200 $ por estudiante &#8211; No reembolsable; pagadero en el momento de la reinscripci\u00f3n<\/p>\n<h3>Cuota de la Asociaci\u00f3n Hogar y Escuela (HSA)<\/h3>\n<p>200 $ por familia; dividido en pagos[\/vc_column_text][\/vc_column][vc_column width=\u00bb1\/2&#8243;][vc_column_text css=\u00bb\u00bb el_class=\u00bbog\u00bb]<\/p>\n<h3>Tasa de libros, suministros y tecnolog\u00eda:<\/h3>\n<p>500 d\u00f3lares por estudiante, pagaderos en cuotas a lo largo del a\u00f1o escolar. El colegio Santa Mar\u00eda de la Asunci\u00f3n proporciona todo el material escolar a los alumnos al inicio del curso. Esta tasa tambi\u00e9n cubre todos los libros de texto, libros de trabajo y reproducibles, as\u00ed como el uso de dispositivos tecnol\u00f3gicos y programas de software. Los alumnos de Santa Mar\u00eda de la Asunci\u00f3n tienen acceso individual a muchos recursos educativos digitales.<\/p>\n<h3>Cuota de graduaci\u00f3n (s\u00f3lo 8\u00ba grado)<\/h3>\n<p>200 $ a pagar con el primer pago de la matr\u00edcula<\/p>\n<h3>Horas de servicio Tasa<\/h3>\n<p>20 $ por hora no servida; a pagar en mayo[\/vc_column_text][\/vc_column][\/vc_row][vc_row css_animation=\u00bb\u00bb row_type=\u00bbrow\u00bb use_row_as_full_screen_section=\u00bbno\u00bb type=\u00bbgrid\u00bb angled_section=\u00bbno\u00bb text_align=\u00bbleft\u00bb background_image_as_pattern=\u00bbwithout_pattern\u00bb full_width=\u00bbstretch_row\u00bb content_placement=\u00bbmiddle\u00bb z_index=\u00bb\u00bb background_color=\u00bb#122a53&#8243; padding_top=\u00bb50&#8243; padding_bottom=\u00bb60&#8243; anchor=\u00bbfinancial-aid\u00bb][vc_column el_class=\u00bbwhitetext\u00bb][vc_column_text css=\u00bb\u00bb el_class=\u00bbwht yel\u00bb]<\/p>\n<h2>Ayuda financiera<\/h2>\n<p>La Archidi\u00f3cesis de Washington se esfuerza por mantener la educaci\u00f3n cat\u00f3lica lo m\u00e1s asequible posible. El Programa Arquidiocesano de Asistencia para la Matr\u00edcula est\u00e1 disponible para los estudiantes en los grados PreK-8 que est\u00e1n solicitando a la Escuela Santa Mar\u00eda de la Asunci\u00f3n.<\/p>\n<p>Todas las ayudas de matr\u00edcula obtenidas a trav\u00e9s de la archidi\u00f3cesis se basan en la necesidad econ\u00f3mica. Las familias deben solicitar cada a\u00f1o para recibir la ayuda y se debe demostrar la necesidad cada a\u00f1o para tener derecho a ella. La solicitud de ayuda a la matr\u00edcula no influye en la admisi\u00f3n de un estudiante en Santa Mar\u00eda de la Asunci\u00f3n.[\/vc_column_text][\/vc_column][\/vc_row][vc_row css_animation=\u00bb\u00bb row_type=\u00bbrow\u00bb use_row_as_full_screen_section=\u00bbno\u00bb type=\u00bbgrid\u00bb angled_section=\u00bbno\u00bb text_align=\u00bbleft\u00bb background_image_as_pattern=\u00bbwithout_pattern\u00bb full_width=\u00bbstretch_row\u00bb content_placement=\u00bbmiddle\u00bb z_index=\u00bb\u00bb background_color=\u00bb#f2f2f2&#8243; padding_top=\u00bb50&#8243; padding_bottom=\u00bb60&#8243; anchor=\u00bbboost\u00bb][vc_column width=\u00bb1\/2&#8243; el_class=\u00bbwhitetext\u00bb][vc_column_text]<\/p>\n<h2>Beca Boost<\/h2>\n<p>BOOST es un programa estatal de Maryland, promulgado en 2016, para garantizar que los estudiantes de menores ingresos puedan pagar la educaci\u00f3n K-12 que mejor se adapte a sus necesidades. BOOST proporciona becas a los estudiantes que re\u00fanen los requisitos para que puedan asistir a una escuela no p\u00fablica.<\/p>\n<p>En su segundo a\u00f1o, <a href=\"https:\/\/www.marylandboost.org\/\" target=\"_blank\" rel=\"noopener noreferrer\">el Programa de Becas BOOST de Maryland<\/a> proporcionar\u00e1 casi 6 millones de d\u00f3lares en becas durante el pr\u00f3ximo a\u00f1o escolar a los estudiantes de primaria y secundaria que re\u00fanan los requisitos necesarios para pagar la matr\u00edcula en la escuela no p\u00fablica que elijan.[\/vc_column_text][vc_empty_space height=\u00bb30px\u00bb][\/vc_column][vc_column width=\u00bb1\/2&#8243;][vc_single_image image=\u00bb8459&#8243; img_size=\u00bbfull\u00bb alignment=\u00bbcenter\u00bb qode_css_animation=\u00bb\u00bb][\/vc_column][\/vc_row][vc_row css_animation=\u00bb\u00bb row_type=\u00bbrow\u00bb use_row_as_full_screen_section=\u00bbno\u00bb type=\u00bbfull_width\u00bb angled_section=\u00bbno\u00bb text_align=\u00bbcenter\u00bb background_image_as_pattern=\u00bbwithout_pattern\u00bb background_image=\u00bb7127&#8243; css=\u00bb.vc_custom_1594117008481{padding-top: 5% !important;padding-bottom: 5% !important;}\u00bb z_index=\u00bb\u00bb][vc_column width=\u00bb1\/4&#8243;][\/vc_column][vc_column width=\u00bb1\/4&#8243;][\/vc_column][\/vc_row]<\/p>\n<\/div>","protected":false},"excerpt":{"rendered":"<p>[vc_row css_animation=\u00bb\u00bb row_type=\u00bbrow\u00bb use_row_as_full_screen_section=\u00bbno\u00bb type=\u00bbfull_width\u00bb angled_section=\u00bbno\u00bb text_align=\u00bbleft\u00bb background_image_as_pattern=\u00bbwithout_pattern\u00bb z_index=\u00bb\u00bb padding_top=\u00bb250&#8243; padding_bottom=\u00bb250&#8243; el_class=\u00bbhdr\u00bb background_color=\u00bb#122a53&#8243; background_image=\u00bb9765&#8243;][vc_column][vc_column_text el_class=\u00bbd2d-title\u00bb] Matr\u00edcula, tasas y ayudas financieras [\/vc_column_text][\/vc_column][\/vc_row][vc_row css_animation=\u00bb\u00bb row_type=\u00bbrow\u00bb use_row_as_full_screen_section=\u00bbno\u00bb type=\u00bbfull_width\u00bb angled_section=\u00bbno\u00bb text_align=\u00bbleft\u00bb background_image_as_pattern=\u00bbwithout_pattern\u00bb z_index=\u00bb\u00bb padding_top=\u00bb50&#8243; padding_bottom=\u00bb60&#8243; css=\u00bb.vc_custom_1594088087151{padding-right: 60px !important;padding-left: 60px !important;}\u00bb][vc_column width=\u00bb1\/6&#8243;][vc_widget_sidebar sidebar_id=\u00bbAdmissions\u00bb el_class=\u00bbadside\u00bb][vc_column_text css=\u00bb.vc_custom_1736365087195{border-top-width: 1px !important;border-bottom-width: 1px !important;padding-top: 10px&#8230;<\/p>\n","protected":false},"author":2,"featured_media":0,"parent":0,"menu_order":7,"comment_status":"open","ping_status":"closed","template":"full_width.php","meta":{"_monsterinsights_skip_tracking":false,"_monsterinsights_sitenote_active":false,"_monsterinsights_sitenote_note":"","_monsterinsights_sitenote_category":0,"footnotes":""},"class_list":["post-8739","page","type-page","status-publish","hentry"],"yoast_head":"<!-- This site is optimized with the Yoast SEO plugin v27.5 - https:\/\/yoast.com\/product\/yoast-seo-wordpress\/ -->\n<title>Matr\u00edcula, tasas y ayudas financieras - St. Mary of the Assumption Catholic School<\/title>\n<meta name=\"description\" content=\"Santa Mar\u00eda de la Asunci\u00f3n se compromete a mantener la matr\u00edcula basada en los costes para que la educaci\u00f3n cat\u00f3lica sea lo m\u00e1s asequible posible para todas las familias.\" \/>\n<meta name=\"robots\" content=\"index, follow, max-snippet:-1, max-image-preview:large, max-video-preview:-1\" \/>\n<link rel=\"canonical\" href=\"https:\/\/stmaryum.org\/es\/matricula-tasas-y-ayudas-financieras\/\" \/>\n<meta property=\"og:locale\" content=\"es_ES\" \/>\n<meta property=\"og:type\" content=\"article\" \/>\n<meta property=\"og:title\" content=\"Matr\u00edcula, tasas y ayudas financieras - St. Mary of the Assumption Catholic School\" \/>\n<meta property=\"og:description\" content=\"Santa Mar\u00eda de la Asunci\u00f3n se compromete a mantener la matr\u00edcula basada en los costes para que la educaci\u00f3n cat\u00f3lica sea lo m\u00e1s asequible posible para todas las familias.\" \/>\n<meta property=\"og:url\" content=\"https:\/\/stmaryum.org\/es\/matricula-tasas-y-ayudas-financieras\/\" \/>\n<meta property=\"og:site_name\" content=\"St. Mary of the Assumption Catholic School\" \/>\n<meta property=\"article:modified_time\" content=\"2026-04-28T10:12:28+00:00\" \/>\n<meta name=\"twitter:card\" content=\"summary_large_image\" \/>\n<meta name=\"twitter:label1\" content=\"Tiempo de lectura\" \/>\n\t<meta name=\"twitter:data1\" content=\"9 minutos\" \/>\n<script type=\"application\/ld+json\" class=\"yoast-schema-graph\">{\"@context\":\"https:\\\/\\\/schema.org\",\"@graph\":[{\"@type\":\"WebPage\",\"@id\":\"https:\\\/\\\/stmaryum.org\\\/es\\\/matricula-tasas-y-ayudas-financieras\\\/\",\"url\":\"https:\\\/\\\/stmaryum.org\\\/es\\\/matricula-tasas-y-ayudas-financieras\\\/\",\"name\":\"Matr\u00edcula, tasas y ayudas financieras - St. Mary of the Assumption Catholic School\",\"isPartOf\":{\"@id\":\"https:\\\/\\\/stmaryum.org\\\/es\\\/#website\"},\"datePublished\":\"2020-07-04T00:11:04+00:00\",\"dateModified\":\"2026-04-28T10:12:28+00:00\",\"description\":\"Santa Mar\u00eda de la Asunci\u00f3n se compromete a mantener la matr\u00edcula basada en los costes para que la educaci\u00f3n cat\u00f3lica sea lo m\u00e1s asequible posible para todas las familias.\",\"breadcrumb\":{\"@id\":\"https:\\\/\\\/stmaryum.org\\\/es\\\/matricula-tasas-y-ayudas-financieras\\\/#breadcrumb\"},\"inLanguage\":\"es\",\"potentialAction\":[{\"@type\":\"ReadAction\",\"target\":[\"https:\\\/\\\/stmaryum.org\\\/es\\\/matricula-tasas-y-ayudas-financieras\\\/\"]}]},{\"@type\":\"BreadcrumbList\",\"@id\":\"https:\\\/\\\/stmaryum.org\\\/es\\\/matricula-tasas-y-ayudas-financieras\\\/#breadcrumb\",\"itemListElement\":[{\"@type\":\"ListItem\",\"position\":1,\"name\":\"Home\",\"item\":\"https:\\\/\\\/stmaryum.org\\\/es\\\/santa-maria-de-la-asuncion-2\\\/\"},{\"@type\":\"ListItem\",\"position\":2,\"name\":\"Matr\u00edcula, tasas y ayudas financieras\"}]},{\"@type\":\"WebSite\",\"@id\":\"https:\\\/\\\/stmaryum.org\\\/es\\\/#website\",\"url\":\"https:\\\/\\\/stmaryum.org\\\/es\\\/\",\"name\":\"St. Mary of the Assumption Catholic School\",\"description\":\"Catholic elementary school founded by St. Mary of the Assumption Church in 1925\",\"potentialAction\":[{\"@type\":\"SearchAction\",\"target\":{\"@type\":\"EntryPoint\",\"urlTemplate\":\"https:\\\/\\\/stmaryum.org\\\/es\\\/?s={search_term_string}\"},\"query-input\":{\"@type\":\"PropertyValueSpecification\",\"valueRequired\":true,\"valueName\":\"search_term_string\"}}],\"inLanguage\":\"es\"}]}<\/script>\n<!-- \/ Yoast SEO plugin. -->","yoast_head_json":{"title":"Matr\u00edcula, tasas y ayudas financieras - St. Mary of the Assumption Catholic School","description":"Santa Mar\u00eda de la Asunci\u00f3n se compromete a mantener la matr\u00edcula basada en los costes para que la educaci\u00f3n cat\u00f3lica sea lo m\u00e1s asequible posible para todas las familias.","robots":{"index":"index","follow":"follow","max-snippet":"max-snippet:-1","max-image-preview":"max-image-preview:large","max-video-preview":"max-video-preview:-1"},"canonical":"https:\/\/stmaryum.org\/es\/matricula-tasas-y-ayudas-financieras\/","og_locale":"es_ES","og_type":"article","og_title":"Matr\u00edcula, tasas y ayudas financieras - St. Mary of the Assumption Catholic School","og_description":"Santa Mar\u00eda de la Asunci\u00f3n se compromete a mantener la matr\u00edcula basada en los costes para que la educaci\u00f3n cat\u00f3lica sea lo m\u00e1s asequible posible para todas las familias.","og_url":"https:\/\/stmaryum.org\/es\/matricula-tasas-y-ayudas-financieras\/","og_site_name":"St. Mary of the Assumption Catholic School","article_modified_time":"2026-04-28T10:12:28+00:00","twitter_card":"summary_large_image","twitter_misc":{"Tiempo de lectura":"9 minutos"},"schema":{"@context":"https:\/\/schema.org","@graph":[{"@type":"WebPage","@id":"https:\/\/stmaryum.org\/es\/matricula-tasas-y-ayudas-financieras\/","url":"https:\/\/stmaryum.org\/es\/matricula-tasas-y-ayudas-financieras\/","name":"Matr\u00edcula, tasas y ayudas financieras - St. Mary of the Assumption Catholic School","isPartOf":{"@id":"https:\/\/stmaryum.org\/es\/#website"},"datePublished":"2020-07-04T00:11:04+00:00","dateModified":"2026-04-28T10:12:28+00:00","description":"Santa Mar\u00eda de la Asunci\u00f3n se compromete a mantener la matr\u00edcula basada en los costes para que la educaci\u00f3n cat\u00f3lica sea lo m\u00e1s asequible posible para todas las familias.","breadcrumb":{"@id":"https:\/\/stmaryum.org\/es\/matricula-tasas-y-ayudas-financieras\/#breadcrumb"},"inLanguage":"es","potentialAction":[{"@type":"ReadAction","target":["https:\/\/stmaryum.org\/es\/matricula-tasas-y-ayudas-financieras\/"]}]},{"@type":"BreadcrumbList","@id":"https:\/\/stmaryum.org\/es\/matricula-tasas-y-ayudas-financieras\/#breadcrumb","itemListElement":[{"@type":"ListItem","position":1,"name":"Home","item":"https:\/\/stmaryum.org\/es\/santa-maria-de-la-asuncion-2\/"},{"@type":"ListItem","position":2,"name":"Matr\u00edcula, tasas y ayudas financieras"}]},{"@type":"WebSite","@id":"https:\/\/stmaryum.org\/es\/#website","url":"https:\/\/stmaryum.org\/es\/","name":"St. Mary of the Assumption Catholic School","description":"Catholic elementary school founded by St. Mary of the Assumption Church in 1925","potentialAction":[{"@type":"SearchAction","target":{"@type":"EntryPoint","urlTemplate":"https:\/\/stmaryum.org\/es\/?s={search_term_string}"},"query-input":{"@type":"PropertyValueSpecification","valueRequired":true,"valueName":"search_term_string"}}],"inLanguage":"es"}]}},"_links":{"self":[{"href":"https:\/\/stmaryum.org\/es\/wp-json\/wp\/v2\/pages\/8739","targetHints":{"allow":["GET"]}}],"collection":[{"href":"https:\/\/stmaryum.org\/es\/wp-json\/wp\/v2\/pages"}],"about":[{"href":"https:\/\/stmaryum.org\/es\/wp-json\/wp\/v2\/types\/page"}],"author":[{"embeddable":true,"href":"https:\/\/stmaryum.org\/es\/wp-json\/wp\/v2\/users\/2"}],"replies":[{"embeddable":true,"href":"https:\/\/stmaryum.org\/es\/wp-json\/wp\/v2\/comments?post=8739"}],"version-history":[{"count":22,"href":"https:\/\/stmaryum.org\/es\/wp-json\/wp\/v2\/pages\/8739\/revisions"}],"predecessor-version":[{"id":10698,"href":"https:\/\/stmaryum.org\/es\/wp-json\/wp\/v2\/pages\/8739\/revisions\/10698"}],"wp:attachment":[{"href":"https:\/\/stmaryum.org\/es\/wp-json\/wp\/v2\/media?parent=8739"}],"curies":[{"name":"wp","href":"https:\/\/api.w.org\/{rel}","templated":true}]}}